{"id":13,"date":"2013-12-13T10:49:15","date_gmt":"2013-12-13T08:49:15","guid":{"rendered":"https:\/\/hendlwastl.at\/?page_id=13"},"modified":"2013-12-20T15:16:29","modified_gmt":"2013-12-20T14:16:29","slug":"qualitat","status":"publish","type":"page","link":"https:\/\/hendlwastl.at\/?page_id=13","title":{"rendered":"Qualit\u00e4t"},"content":{"rendered":"<p><img loading=\"lazy\" decoding=\"async\" class=\"alignnone size-full wp-image-48\" alt=\"headline_qualitaet\" src=\"https:\/\/hendlwastl.at\/wp-content\/uploads\/headline_qualitaet.png\" width=\"280\" height=\"31\" \/><\/p>\n<p>&nbsp;<\/p>\n<p>Qualit\u00e4t und Regionalit\u00e4t sind bei uns nicht nur Schlagworte.<\/p>\n<p>Das ist unsere Firmenphilosophie.<\/p>\n<p>&nbsp;<\/p>\n<p><b>Wir bieten Ihnen 1 A Qualit\u00e4t mit Top-Geschmack!<\/b><\/p>\n<p>&nbsp;<\/p>\n<p><img loading=\"lazy\" decoding=\"async\" class=\"alignnone size-full wp-image-199\" alt=\"premiumsiegl\" src=\"https:\/\/hendlwastl.at\/wp-content\/uploads\/premiumsiegl.png\" width=\"211\" height=\"216\" \/><img loading=\"lazy\" decoding=\"async\" class=\"alignnone size-full wp-image-200\" alt=\"amasiegel\" src=\"https:\/\/hendlwastl.at\/wp-content\/uploads\/amasiegel.png\" width=\"218\" height=\"152\" \/><\/p>\n<p>&nbsp;<\/p>\n","protected":false},"excerpt":{"rendered":"<p>&nbsp; Qualit\u00e4t und Regionalit\u00e4t sind bei uns nicht nur Schlagworte. Das ist unsere Firmenphilosophie. &nbsp; Wir bieten Ihnen 1 A Qualit\u00e4t mit Top-Geschmack! &nbsp; &nbsp;<\/p>\n","protected":false},"author":2,"featured_media":0,"parent":0,"menu_order":0,"comment_status":"open","ping_status":"open","template":"tmpl_hendlwastl_qualit\u00e4t.php","meta":{"ngg_post_thumbnail":0,"footnotes":""},"class_list":["post-13","page","type-page","status-publish","hentry"],"_links":{"self":[{"href":"https:\/\/hendlwastl.at\/index.php?rest_route=\/wp\/v2\/pages\/13","targetHints":{"allow":["GET"]}}],"collection":[{"href":"https:\/\/hendlwastl.at\/index.php?rest_route=\/wp\/v2\/pages"}],"about":[{"href":"https:\/\/hendlwastl.at\/index.php?rest_route=\/wp\/v2\/types\/page"}],"author":[{"embeddable":true,"href":"https:\/\/hendlwastl.at\/index.php?rest_route=\/wp\/v2\/users\/2"}],"replies":[{"embeddable":true,"href":"https:\/\/hendlwastl.at\/index.php?rest_route=%2Fwp%2Fv2%2Fcomments&post=13"}],"version-history":[{"count":10,"href":"https:\/\/hendlwastl.at\/index.php?rest_route=\/wp\/v2\/pages\/13\/revisions"}],"predecessor-version":[{"id":202,"href":"https:\/\/hendlwastl.at\/index.php?rest_route=\/wp\/v2\/pages\/13\/revisions\/202"}],"wp:attachment":[{"href":"https:\/\/hendlwastl.at\/index.php?rest_route=%2Fwp%2Fv2%2Fmedia&parent=13"}],"curies":[{"name":"wp","href":"https:\/\/api.w.org\/{rel}","templated":true}]}}